{"id":494,"date":"2023-07-19T19:00:47","date_gmt":"2023-07-19T22:00:47","guid":{"rendered":"https:\/\/old.draraffaellebarros.com.br\/?page_id=494"},"modified":"2024-05-27T03:48:20","modified_gmt":"2024-05-27T06:48:20","slug":"convenios","status":"publish","type":"page","link":"https:\/\/old.draraffaellebarros.com.br\/index.php\/convenios\/","title":{"rendered":"Conv\u00eanios"},"content":{"rendered":"\t\t<div data-elementor-type=\"wp-page\" data-elementor-id=\"494\" class=\"elementor elementor-494\" data-elementor-settings=\"{&quot;ha_cmc_init_switcher&quot;:&quot;no&quot;}\" data-elementor-post-type=\"page\">\n\t\t\t\t<div class=\"elementor-element elementor-element-950e670 e-flex e-con-boxed wpr-particle-no wpr-jarallax-no wpr-parallax-no wpr-sticky-section-no e-con e-parent\" data-id=\"950e670\" data-element_type=\"container\" data-e-type=\"container\" data-settings=\"{&quot;background_background&quot;:&quot;classic&quot;,&quot;_ha_eqh_enable&quot;:false}\">\n\t\t\t\t\t<div class=\"e-con-inner\">\n\t\t\t\t<div class=\"elementor-element elementor-element-7c0ffb1 exad-sticky-section-no exad-glass-effect-no elementor-widget elementor-widget-heading\" data-id=\"7c0ffb1\" data-element_type=\"widget\" data-e-type=\"widget\" data-widget_type=\"heading.default\">\n\t\t\t\t<div class=\"elementor-widget-container\">\n\t\t\t\t\t<h2 class=\"elementor-heading-title elementor-size-default\">Conv\u00eanios<\/h2>\t\t\t\t<\/div>\n\t\t\t\t<\/div>\n\t\t\t\t\t<\/div>\n\t\t\t\t<\/div>\n\t\t<div class=\"elementor-element elementor-element-04379d7 e-flex e-con-boxed wpr-particle-no wpr-jarallax-no wpr-parallax-no wpr-sticky-section-no e-con e-parent\" data-id=\"04379d7\" data-element_type=\"container\" data-e-type=\"container\" data-settings=\"{&quot;background_background&quot;:&quot;gradient&quot;,&quot;_ha_eqh_enable&quot;:false}\">\n\t\t\t\t\t<div class=\"e-con-inner\">\n\t\t\t\t<div class=\"elementor-element elementor-element-0a7d5e1 exad-sticky-section-no exad-glass-effect-no elementor-invisible elementor-widget elementor-widget-heading\" data-id=\"0a7d5e1\" data-element_type=\"widget\" data-e-type=\"widget\" data-settings=\"{&quot;_animation&quot;:&quot;fadeInDown&quot;}\" data-widget_type=\"heading.default\">\n\t\t\t\t<div class=\"elementor-widget-container\">\n\t\t\t\t\t<h2 class=\"elementor-heading-title elementor-size-default\">Central de marca\u00e7\u00e3o<\/h2>\t\t\t\t<\/div>\n\t\t\t\t<\/div>\n\t\t\t\t<div class=\"elementor-element elementor-element-3fe654f elementor-hidden-tablet elementor-hidden-mobile exad-sticky-section-no exad-glass-effect-no elementor-widget elementor-widget-text-editor\" data-id=\"3fe654f\" data-element_type=\"widget\" data-e-type=\"widget\" data-widget_type=\"text-editor.default\">\n\t\t\t\t<div class=\"elementor-widget-container\">\n\t\t\t\t\t\t\t\t\t<p>Entre em contato com nossa equipe e busque informa\u00e7\u00f5es sobre a cobertura do seu plano de sa\u00fade<br \/><span style=\"color: var( --e-global-color-text ); background-color: transparent; letter-spacing: 0px;\">para a especialidade de seu\u00a0<\/span><span style=\"color: var( --e-global-color-text ); background-color: transparent; letter-spacing: 0px;\">interesse.<\/span><\/p>\t\t\t\t\t\t\t\t<\/div>\n\t\t\t\t<\/div>\n\t\t\t\t<div class=\"elementor-element elementor-element-828c002 elementor-hidden-desktop elementor-hidden-mobile exad-sticky-section-no exad-glass-effect-no elementor-widget elementor-widget-text-editor\" data-id=\"828c002\" data-element_type=\"widget\" data-e-type=\"widget\" data-widget_type=\"text-editor.default\">\n\t\t\t\t<div class=\"elementor-widget-container\">\n\t\t\t\t\t\t\t\t\t<p>Entre em contato com nossa equipe e busque informa\u00e7\u00f5es sobre a cobertura do seu plano de sa\u00fade para a especialidade de seu interesse.<\/p>\t\t\t\t\t\t\t\t<\/div>\n\t\t\t\t<\/div>\n\t\t\t\t<div class=\"elementor-element elementor-element-17e6de2 elementor-widget__width-initial elementor-align-center elementor-tablet-align-center elementor-hidden-mobile exad-sticky-section-no exad-glass-effect-no elementor-widget elementor-widget-button\" data-id=\"17e6de2\" data-element_type=\"widget\" data-e-type=\"widget\" data-widget_type=\"button.default\">\n\t\t\t\t<div class=\"elementor-widget-container\">\n\t\t\t\t\t\t\t\t\t<div class=\"elementor-button-wrapper\">\n\t\t\t\t\t<a class=\"elementor-button elementor-button-link elementor-size-sm elementor-animation-grow\" href=\"#\">\n\t\t\t\t\t\t<span class=\"elementor-button-content-wrapper\">\n\t\t\t\t\t\t\t\t\t<span class=\"elementor-button-text\"><b>Central de marca\u00e7\u00e3o e informa\u00e7\u00f5es:<\/b> (71) 4104-6644<\/span>\n\t\t\t\t\t<\/span>\n\t\t\t\t\t<\/a>\n\t\t\t\t<\/div>\n\t\t\t\t\t\t\t\t<\/div>\n\t\t\t\t<\/div>\n\t\t\t\t<div class=\"elementor-element elementor-element-092342f elementor-hidden-desktop elementor-hidden-tablet exad-sticky-section-no exad-glass-effect-no elementor-widget elementor-widget-text-editor\" data-id=\"092342f\" data-element_type=\"widget\" data-e-type=\"widget\" data-widget_type=\"text-editor.default\">\n\t\t\t\t<div class=\"elementor-widget-container\">\n\t\t\t\t\t\t\t\t\t<p>Entre em contato com nossa equipe e busque informa\u00e7\u00f5es sobre a cobertura do seu plano de sa\u00fade para a especialidade de seu interesse.<\/p>\t\t\t\t\t\t\t\t<\/div>\n\t\t\t\t<\/div>\n\t\t\t\t<div class=\"elementor-element elementor-element-901d67a elementor-hidden-desktop elementor-hidden-tablet exad-sticky-section-no exad-glass-effect-no elementor-widget elementor-widget-heading\" data-id=\"901d67a\" data-element_type=\"widget\" data-e-type=\"widget\" data-settings=\"{&quot;_animation_mobile&quot;:&quot;fadeInDown&quot;}\" data-widget_type=\"heading.default\">\n\t\t\t\t<div class=\"elementor-widget-container\">\n\t\t\t\t\t<h2 class=\"elementor-heading-title elementor-size-default\"><b>Central de marca\u00e7\u00e3o\ne informa\u00e7\u00f5es:<\/b><\/h2>\t\t\t\t<\/div>\n\t\t\t\t<\/div>\n\t\t\t\t<div class=\"elementor-element elementor-element-8b251f3 elementor-widget__width-initial elementor-align-center elementor-tablet-align-center elementor-hidden-desktop elementor-hidden-tablet exad-sticky-section-no exad-glass-effect-no elementor-widget elementor-widget-button\" data-id=\"8b251f3\" data-element_type=\"widget\" data-e-type=\"widget\" data-settings=\"{&quot;_animation_mobile&quot;:&quot;fadeInUp&quot;}\" data-widget_type=\"button.default\">\n\t\t\t\t<div class=\"elementor-widget-container\">\n\t\t\t\t\t\t\t\t\t<div class=\"elementor-button-wrapper\">\n\t\t\t\t\t<a class=\"elementor-button elementor-button-link elementor-size-sm elementor-animation-grow\" href=\"#\">\n\t\t\t\t\t\t<span class=\"elementor-button-content-wrapper\">\n\t\t\t\t\t\t\t\t\t<span class=\"elementor-button-text\">(71) 4104-6644<\/span>\n\t\t\t\t\t<\/span>\n\t\t\t\t\t<\/a>\n\t\t\t\t<\/div>\n\t\t\t\t\t\t\t\t<\/div>\n\t\t\t\t<\/div>\n\t\t\t\t<div class=\"elementor-element elementor-element-23c81a1 ha-logo-grid--col-5 elementor-hidden-tablet elementor-hidden-mobile ha-logo-grid--box ha-logo-grid--col--tablet2 ha-logo-grid--col--mobile2 exad-sticky-section-no exad-glass-effect-no elementor-widget elementor-widget-ha-logo-grid happy-addon ha-logo-grid\" data-id=\"23c81a1\" data-element_type=\"widget\" data-e-type=\"widget\" data-widget_type=\"ha-logo-grid.default\">\n\t\t\t\t<div class=\"elementor-widget-container\">\n\t\t\t\t\t\n        <div class=\"ha-logo-grid-wrapper\">\n                            <a class=\"ha-logo-grid-item ha-logo-grid-link\" href=\"#\" target=\"_blank\" rel=\"nofollow\">\n                    <figure class=\"ha-logo-grid-figure\">\n                    <img decoding=\"async\" width=\"358\" height=\"137\" src=\"https:\/\/old.draraffaellebarros.com.br\/wp-content\/uploads\/2023\/08\/logo-transparente-bradesco-saude.fw_-1.webp\" class=\"ha-logo-grid-img elementor-animation-grow\" alt=\"\" srcset=\"https:\/\/old.draraffaellebarros.com.br\/wp-content\/uploads\/2023\/08\/logo-transparente-bradesco-saude.fw_-1.webp 358w, https:\/\/old.draraffaellebarros.com.br\/wp-content\/uploads\/2023\/08\/logo-transparente-bradesco-saude.fw_-1-300x115.webp 300w\" sizes=\"(max-width: 358px) 100vw, 358px\" \/>                    <\/figure>\n                <\/a>\n                            <a class=\"ha-logo-grid-item ha-logo-grid-link\" href=\"#\" target=\"_blank\" rel=\"nofollow\">\n                    <figure class=\"ha-logo-grid-figure\">\n                    <img decoding=\"async\" width=\"300\" height=\"164\" src=\"https:\/\/old.draraffaellebarros.com.br\/wp-content\/uploads\/2023\/08\/sulamerica-300x164-1.png\" class=\"ha-logo-grid-img elementor-animation-grow\" alt=\"\" \/>                    <\/figure>\n                <\/a>\n                            <a class=\"ha-logo-grid-item ha-logo-grid-link\" href=\"#\" target=\"_blank\" rel=\"nofollow\">\n                    <figure class=\"ha-logo-grid-figure\">\n                    <img fetchpriority=\"high\" decoding=\"async\" width=\"560\" height=\"338\" src=\"https:\/\/old.draraffaellebarros.com.br\/wp-content\/uploads\/2023\/08\/sinam.webp\" class=\"ha-logo-grid-img elementor-animation-grow\" alt=\"\" srcset=\"https:\/\/old.draraffaellebarros.com.br\/wp-content\/uploads\/2023\/08\/sinam.webp 560w, https:\/\/old.draraffaellebarros.com.br\/wp-content\/uploads\/2023\/08\/sinam-300x181.webp 300w\" sizes=\"(max-width: 560px) 100vw, 560px\" \/>                    <\/figure>\n                <\/a>\n                            <a class=\"ha-logo-grid-item ha-logo-grid-link\" href=\"#\" target=\"_blank\" rel=\"nofollow\">\n                    <figure class=\"ha-logo-grid-figure\">\n                    <img loading=\"lazy\" decoding=\"async\" width=\"450\" height=\"152\" src=\"https:\/\/old.draraffaellebarros.com.br\/wp-content\/uploads\/2024\/03\/conv-ams-e1700767390110.png\" class=\"ha-logo-grid-img elementor-animation-grow\" alt=\"\" srcset=\"https:\/\/old.draraffaellebarros.com.br\/wp-content\/uploads\/2024\/03\/conv-ams-e1700767390110.png 450w, https:\/\/old.draraffaellebarros.com.br\/wp-content\/uploads\/2024\/03\/conv-ams-e1700767390110-300x101.png 300w\" sizes=\"(max-width: 450px) 100vw, 450px\" \/>                    <\/figure>\n                <\/a>\n                            <a class=\"ha-logo-grid-item ha-logo-grid-link\" href=\"#\" target=\"_blank\" rel=\"nofollow\">\n                    <figure class=\"ha-logo-grid-figure\">\n                    <img loading=\"lazy\" decoding=\"async\" width=\"640\" height=\"480\" src=\"https:\/\/old.draraffaellebarros.com.br\/wp-content\/uploads\/2024\/05\/WhatsApp-Image-2024-04-26-at-22.05.46.jpeg\" class=\"ha-logo-grid-img elementor-animation-grow\" alt=\"\" srcset=\"https:\/\/old.draraffaellebarros.com.br\/wp-content\/uploads\/2024\/05\/WhatsApp-Image-2024-04-26-at-22.05.46.jpeg 640w, https:\/\/old.draraffaellebarros.com.br\/wp-content\/uploads\/2024\/05\/WhatsApp-Image-2024-04-26-at-22.05.46-300x225.jpeg 300w, https:\/\/old.draraffaellebarros.com.br\/wp-content\/uploads\/2024\/05\/WhatsApp-Image-2024-04-26-at-22.05.46-600x450.jpeg 600w\" sizes=\"(max-width: 640px) 100vw, 640px\" \/>                    <\/figure>\n                <\/a>\n                    <\/div>\n\n        \t\t\t\t<\/div>\n\t\t\t\t<\/div>\n\t\t\t\t<div class=\"elementor-element elementor-element-b7e4f27 ha-logo-grid--col-4 elementor-hidden-desktop ha-logo-grid--box ha-logo-grid--col--tablet2 ha-logo-grid--col--mobile2 exad-sticky-section-no exad-glass-effect-no elementor-widget elementor-widget-ha-logo-grid happy-addon ha-logo-grid\" data-id=\"b7e4f27\" data-element_type=\"widget\" data-e-type=\"widget\" data-widget_type=\"ha-logo-grid.default\">\n\t\t\t\t<div class=\"elementor-widget-container\">\n\t\t\t\t\t\n        <div class=\"ha-logo-grid-wrapper\">\n                            <a class=\"ha-logo-grid-item ha-logo-grid-link\" href=\"#\" target=\"_blank\" rel=\"nofollow\">\n                    <figure class=\"ha-logo-grid-figure\">\n                    <img decoding=\"async\" width=\"358\" height=\"137\" src=\"https:\/\/old.draraffaellebarros.com.br\/wp-content\/uploads\/2023\/08\/logo-transparente-bradesco-saude.fw_-1.webp\" class=\"ha-logo-grid-img elementor-animation-grow\" alt=\"\" srcset=\"https:\/\/old.draraffaellebarros.com.br\/wp-content\/uploads\/2023\/08\/logo-transparente-bradesco-saude.fw_-1.webp 358w, https:\/\/old.draraffaellebarros.com.br\/wp-content\/uploads\/2023\/08\/logo-transparente-bradesco-saude.fw_-1-300x115.webp 300w\" sizes=\"(max-width: 358px) 100vw, 358px\" \/>                    <\/figure>\n                <\/a>\n                            <a class=\"ha-logo-grid-item ha-logo-grid-link\" href=\"#\" target=\"_blank\" rel=\"nofollow\">\n                    <figure class=\"ha-logo-grid-figure\">\n                    <img decoding=\"async\" width=\"300\" height=\"164\" src=\"https:\/\/old.draraffaellebarros.com.br\/wp-content\/uploads\/2023\/08\/sulamerica-300x164-1.png\" class=\"ha-logo-grid-img elementor-animation-grow\" alt=\"\" \/>                    <\/figure>\n                <\/a>\n                            <a class=\"ha-logo-grid-item ha-logo-grid-link\" href=\"#\" target=\"_blank\" rel=\"nofollow\">\n                    <figure class=\"ha-logo-grid-figure\">\n                    <img fetchpriority=\"high\" decoding=\"async\" width=\"560\" height=\"338\" src=\"https:\/\/old.draraffaellebarros.com.br\/wp-content\/uploads\/2023\/08\/sinam.webp\" class=\"ha-logo-grid-img elementor-animation-grow\" alt=\"\" srcset=\"https:\/\/old.draraffaellebarros.com.br\/wp-content\/uploads\/2023\/08\/sinam.webp 560w, https:\/\/old.draraffaellebarros.com.br\/wp-content\/uploads\/2023\/08\/sinam-300x181.webp 300w\" sizes=\"(max-width: 560px) 100vw, 560px\" \/>                    <\/figure>\n                <\/a>\n                            <a class=\"ha-logo-grid-item ha-logo-grid-link\" href=\"#\" target=\"_blank\" rel=\"nofollow\">\n                    <figure class=\"ha-logo-grid-figure\">\n                    <img loading=\"lazy\" decoding=\"async\" width=\"450\" height=\"152\" src=\"https:\/\/old.draraffaellebarros.com.br\/wp-content\/uploads\/2024\/03\/conv-ams-e1700767390110.png\" class=\"ha-logo-grid-img elementor-animation-grow\" alt=\"\" srcset=\"https:\/\/old.draraffaellebarros.com.br\/wp-content\/uploads\/2024\/03\/conv-ams-e1700767390110.png 450w, https:\/\/old.draraffaellebarros.com.br\/wp-content\/uploads\/2024\/03\/conv-ams-e1700767390110-300x101.png 300w\" sizes=\"(max-width: 450px) 100vw, 450px\" \/>                    <\/figure>\n                <\/a>\n                            <a class=\"ha-logo-grid-item ha-logo-grid-link\" href=\"#\" target=\"_blank\" rel=\"nofollow\">\n                    <figure class=\"ha-logo-grid-figure\">\n                    <img loading=\"lazy\" decoding=\"async\" width=\"640\" height=\"480\" src=\"https:\/\/old.draraffaellebarros.com.br\/wp-content\/uploads\/2024\/05\/WhatsApp-Image-2024-04-26-at-22.05.46.jpeg\" class=\"ha-logo-grid-img elementor-animation-grow\" alt=\"\" srcset=\"https:\/\/old.draraffaellebarros.com.br\/wp-content\/uploads\/2024\/05\/WhatsApp-Image-2024-04-26-at-22.05.46.jpeg 640w, https:\/\/old.draraffaellebarros.com.br\/wp-content\/uploads\/2024\/05\/WhatsApp-Image-2024-04-26-at-22.05.46-300x225.jpeg 300w, https:\/\/old.draraffaellebarros.com.br\/wp-content\/uploads\/2024\/05\/WhatsApp-Image-2024-04-26-at-22.05.46-600x450.jpeg 600w\" sizes=\"(max-width: 640px) 100vw, 640px\" \/>                    <\/figure>\n                <\/a>\n                    <\/div>\n\n        \t\t\t\t<\/div>\n\t\t\t\t<\/div>\n\t\t\t\t\t<\/div>\n\t\t\t\t<\/div>\n\t\t\t\t<\/div>\n\t\t","protected":false},"excerpt":{"rendered":"<p>Conv\u00eanios Central de marca\u00e7\u00e3o Entre em contato com nossa equipe e busque informa\u00e7\u00f5es sobre a cobertura do seu plano de sa\u00fadepara a especialidade de seu\u00a0interesse. Entre em contato com nossa equipe e busque informa\u00e7\u00f5es sobre a cobertura do seu plano de sa\u00fade para a especialidade de seu interesse. Central de marca\u00e7\u00e3o e informa\u00e7\u00f5es: (71) 4104-6644 Entre em contato com nossa equipe e busque informa\u00e7\u00f5es sobre a cobertura do seu plano de sa\u00fade para a especialidade de seu interesse. Central de marca\u00e7\u00e3o e informa\u00e7\u00f5es: (71) 4104-6644<\/p>\n","protected":false},"author":1,"featured_media":0,"parent":0,"menu_order":0,"comment_status":"closed","ping_status":"closed","template":"elementor_header_footer","meta":{"footnotes":""},"class_list":["post-494","page","type-page","status-publish","hentry"],"_hostinger_reach_plugin_has_subscription_block":false,"_hostinger_reach_plugin_is_elementor":false,"_links":{"self":[{"href":"https:\/\/old.draraffaellebarros.com.br\/index.php\/wp-json\/wp\/v2\/pages\/494","targetHints":{"allow":["GET"]}}],"collection":[{"href":"https:\/\/old.draraffaellebarros.com.br\/index.php\/wp-json\/wp\/v2\/pages"}],"about":[{"href":"https:\/\/old.draraffaellebarros.com.br\/index.php\/wp-json\/wp\/v2\/types\/page"}],"author":[{"embeddable":true,"href":"https:\/\/old.draraffaellebarros.com.br\/index.php\/wp-json\/wp\/v2\/users\/1"}],"replies":[{"embeddable":true,"href":"https:\/\/old.draraffaellebarros.com.br\/index.php\/wp-json\/wp\/v2\/comments?post=494"}],"version-history":[{"count":71,"href":"https:\/\/old.draraffaellebarros.com.br\/index.php\/wp-json\/wp\/v2\/pages\/494\/revisions"}],"predecessor-version":[{"id":2111,"href":"https:\/\/old.draraffaellebarros.com.br\/index.php\/wp-json\/wp\/v2\/pages\/494\/revisions\/2111"}],"wp:attachment":[{"href":"https:\/\/old.draraffaellebarros.com.br\/index.php\/wp-json\/wp\/v2\/media?parent=494"}],"curies":[{"name":"wp","href":"https:\/\/api.w.org\/{rel}","templated":true}]}}